{"id":9379,"date":"2022-04-05T00:55:08","date_gmt":"2022-04-05T00:55:08","guid":{"rendered":"https:\/\/iasp-bf.org\/?page_id=9379"},"modified":"2022-05-11T14:42:11","modified_gmt":"2022-05-11T14:42:11","slug":"formations-continues","status":"publish","type":"page","link":"https:\/\/iasp-bf.org\/index.php\/formations-continues\/","title":{"rendered":"Formations continues"},"content":{"rendered":"\t\t<div data-elementor-type=\"wp-page\" data-elementor-id=\"9379\" class=\"elementor elementor-9379\" data-elementor-post-type=\"page\">\n\t\t\t\t\t\t<section class=\"elementor-section elementor-top-section elementor-element elementor-element-5f0ee8c4 elementor-section-boxed elementor-section-height-default elementor-section-height-default\" data-id=\"5f0ee8c4\" data-element_type=\"section\" data-e-type=\"section\">\n\t\t\t\t\t\t<div class=\"elementor-container elementor-column-gap-default\">\n\t\t\t\t\t<div class=\"elementor-column elementor-col-100 elementor-top-column elementor-element elementor-element-6d7a10bd\" data-id=\"6d7a10bd\" data-element_type=\"column\" data-e-type=\"column\">\n\t\t\t<div class=\"elementor-widget-wrap elementor-element-populated\">\n\t\t\t\t\t\t<div class=\"elementor-element elementor-element-7c3dfca thim-ekits-heading-text-center elementor-widget thim-ekits-heading elementor-widget-thim-heading\" data-id=\"7c3dfca\" data-element_type=\"widget\" data-e-type=\"widget\" data-widget_type=\"thim-heading.default\">\n\t\t\t\t<div class=\"elementor-widget-container\">\n\t\t\t\t\t<div class=\"sc_heading text-center\"><h3 class=\"title\">NOS FORMATIONS  <span class=\"thim-color\">continues<\/span><\/h3><div class=\"sub-heading\"><p>La mission fondamentale de l\u2019IASP est d\u2019\u0153uvrer, au Burkina Faso en particulier et en Afrique en g\u00e9n\u00e9ral, \u00e0 la r\u00e9alisation de recherches sur les probl\u00e8mes majeurs de sant\u00e9 des populations et \u00e0 la formation de chercheurs et chefs de file capables de travailler dans les r\u00e9seaux des soins de sant\u00e9 en y apportant une capacit\u00e9 d'analyse et de recherche pertinente sur les syst\u00e8mes de sant\u00e9.<\/p>\n<\/div><span class=\"line\"><\/span><\/div>\t\t\t\t<\/div>\n\t\t\t\t<\/div>\n\t\t\t\t<div class=\"elementor-element elementor-element-3c605f2 elementor-widget thim-widget-list-post\" data-id=\"3c605f2\" data-element_type=\"widget\" data-e-type=\"widget\" data-widget_type=\"thim-list-post.default\">\n\t\t\t\t<div class=\"elementor-widget-container\">\n\t\t\t\t\t<h3 class=\"widget-title\">From Blog<\/h3><div class=\"thim-list-post-inner\"><div class=\"sc-list-post thim-grid-posts has-horizontal\"><div class=\"grid-horizontal\"><div class=\"item-post post-9322 post type-post status-publish format-standard has-post-thumbnail hentry category-formations-continues pmpro-has-access\"><div class=\"article-image\"><img fetchpriority=\"high\" decoding=\"async\" width=\"431\" height=\"479\" src=\"https:\/\/iasp-bf.org\/wp-content\/uploads\/2022\/03\/img-1.jpg\" class=\"attachment-shop_single size-shop_single wp-post-image\" alt=\"\" srcset=\"https:\/\/iasp-bf.org\/wp-content\/uploads\/2022\/03\/img-1.jpg 431w, https:\/\/iasp-bf.org\/wp-content\/uploads\/2022\/03\/img-1-270x300.jpg 270w\" sizes=\"(max-width: 431px) 100vw, 431px\" \/><\/div><div class=\"article-wrapper\"><div class=\"date\"><\/div><h5 class=\"title\"><a href=\"https:\/\/iasp-bf.org\/index.php\/2022\/04\/04\/du-en-methodes-statistiques-et-epidemiologiques\/\" class=\"article-title\">DU en m\u00e9thodes statistiques et \u00e9pid\u00e9miologiques<\/a><\/h5><div class=\"desc description\"><p>Objectifs :\u00a0Fournir aux participants des comp\u00e9tences sur les m\u00e9thodes de base et...<\/p><\/div><a class=\"read-more\" href=\"https:\/\/iasp-bf.org\/index.php\/2022\/04\/04\/du-en-methodes-statistiques-et-epidemiologiques\/\" >Read More<i class=\"fa fa-long-arrow-right\"><\/i><\/a><\/div><\/div><div class=\"item-post post-9323 post type-post status-publish format-standard has-post-thumbnail hentry category-formations-continues pmpro-has-access\"><div class=\"article-image\"><img decoding=\"async\" width=\"600\" height=\"330\" src=\"https:\/\/iasp-bf.org\/wp-content\/uploads\/2022\/04\/gettyimages-592647682-600x330.jpg\" class=\"attachment-shop_single size-shop_single wp-post-image\" alt=\"\" srcset=\"https:\/\/iasp-bf.org\/wp-content\/uploads\/2022\/04\/gettyimages-592647682-600x330.jpg 600w, https:\/\/iasp-bf.org\/wp-content\/uploads\/2022\/04\/gettyimages-592647682-300x165.jpg 300w, https:\/\/iasp-bf.org\/wp-content\/uploads\/2022\/04\/gettyimages-592647682-1024x564.jpg 1024w, https:\/\/iasp-bf.org\/wp-content\/uploads\/2022\/04\/gettyimages-592647682-768x423.jpg 768w, https:\/\/iasp-bf.org\/wp-content\/uploads\/2022\/04\/gettyimages-592647682-1536x846.jpg 1536w, https:\/\/iasp-bf.org\/wp-content\/uploads\/2022\/04\/gettyimages-592647682-2048x1128.jpg 2048w\" sizes=\"(max-width: 600px) 100vw, 600px\" \/><\/div><div class=\"article-wrapper\"><div class=\"date\"><\/div><h5 class=\"title\"><a href=\"https:\/\/iasp-bf.org\/index.php\/2022\/04\/05\/du-en-sante-sexuelle-et-reproductive\/\" class=\"article-title\">DU en sant\u00e9 de la reproduction<\/a><\/h5><div class=\"desc description\"><p>Objectifs :\u00a0Renforcer les comp\u00e9tences des participants dans la compr\u00e9hension de la probl\u00e9matique...<\/p><\/div><a class=\"read-more\" href=\"https:\/\/iasp-bf.org\/index.php\/2022\/04\/05\/du-en-sante-sexuelle-et-reproductive\/\" >Read More<i class=\"fa fa-long-arrow-right\"><\/i><\/a><\/div><\/div><div class=\"item-post post-9356 post type-post status-publish format-standard has-post-thumbnail hentry category-formations-continues pmpro-has-access\"><div class=\"article-image\"><img decoding=\"async\" width=\"600\" height=\"400\" src=\"https:\/\/iasp-bf.org\/wp-content\/uploads\/2022\/04\/analysis-g16a6a63f4_1280-600x400.jpg\" class=\"attachment-shop_single size-shop_single wp-post-image\" alt=\"\" srcset=\"https:\/\/iasp-bf.org\/wp-content\/uploads\/2022\/04\/analysis-g16a6a63f4_1280-600x400.jpg 600w, https:\/\/iasp-bf.org\/wp-content\/uploads\/2022\/04\/analysis-g16a6a63f4_1280-300x200.jpg 300w, https:\/\/iasp-bf.org\/wp-content\/uploads\/2022\/04\/analysis-g16a6a63f4_1280-1024x682.jpg 1024w, https:\/\/iasp-bf.org\/wp-content\/uploads\/2022\/04\/analysis-g16a6a63f4_1280-768x512.jpg 768w, https:\/\/iasp-bf.org\/wp-content\/uploads\/2022\/04\/analysis-g16a6a63f4_1280.jpg 1280w\" sizes=\"(max-width: 600px) 100vw, 600px\" \/><\/div><div class=\"article-wrapper\"><div class=\"date\"><\/div><h5 class=\"title\"><a href=\"https:\/\/iasp-bf.org\/index.php\/2022\/04\/05\/certificat-en-suivi-evaluation-des-projets-et-programmes-de-sante\/\" class=\"article-title\">Certificat en suivi \u00e9valuation des projets et programmes de sant\u00e9<\/a><\/h5><div class=\"desc description\"><p>Fournir aux participants des comp\u00e9tences dans la conception et l\u2019analyse des donn\u00e9es...<\/p><\/div><a class=\"read-more\" href=\"https:\/\/iasp-bf.org\/index.php\/2022\/04\/05\/certificat-en-suivi-evaluation-des-projets-et-programmes-de-sante\/\" >Read More<i class=\"fa fa-long-arrow-right\"><\/i><\/a><\/div><\/div><div class=\"item-post post-9451 post type-post status-publish format-standard has-post-thumbnail hentry category-formations-continues pmpro-has-access\"><div class=\"article-image\"><img loading=\"lazy\" decoding=\"async\" width=\"600\" height=\"385\" src=\"https:\/\/iasp-bf.org\/wp-content\/uploads\/2022\/04\/laboratory-g782bee847_1280-600x385.jpg\" class=\"attachment-shop_single size-shop_single wp-post-image\" alt=\"\" srcset=\"https:\/\/iasp-bf.org\/wp-content\/uploads\/2022\/04\/laboratory-g782bee847_1280-600x385.jpg 600w, https:\/\/iasp-bf.org\/wp-content\/uploads\/2022\/04\/laboratory-g782bee847_1280-300x193.jpg 300w, https:\/\/iasp-bf.org\/wp-content\/uploads\/2022\/04\/laboratory-g782bee847_1280-1024x658.jpg 1024w, https:\/\/iasp-bf.org\/wp-content\/uploads\/2022\/04\/laboratory-g782bee847_1280-768x493.jpg 768w, https:\/\/iasp-bf.org\/wp-content\/uploads\/2022\/04\/laboratory-g782bee847_1280.jpg 1280w\" sizes=\"(max-width: 600px) 100vw, 600px\" \/><\/div><div class=\"article-wrapper\"><div class=\"date\"><\/div><h5 class=\"title\"><a href=\"https:\/\/iasp-bf.org\/index.php\/2022\/04\/09\/certificat-en-methodologie-de-la-recherche\/\" class=\"article-title\">Certificat en m\u00e9thodologie de la recherche<\/a><\/h5><div class=\"desc description\"><p><\/p><\/div><a class=\"read-more\" href=\"https:\/\/iasp-bf.org\/index.php\/2022\/04\/09\/certificat-en-methodologie-de-la-recherche\/\" >Read More<i class=\"fa fa-long-arrow-right\"><\/i><\/a><\/div><\/div><\/div><\/div><\/div>\t\t\t\t<\/div>\n\t\t\t\t<\/div>\n\t\t\t\t\t<\/div>\n\t\t<\/div>\n\t\t\t\t\t<\/div>\n\t\t<\/section>\n\t\t\t\t<section class=\"elementor-section elementor-top-section elementor-element elementor-element-95360fc elementor-section-stretched elementor-section-content-middle elementor-section-boxed elementor-section-height-default elementor-section-height-default\" data-id=\"95360fc\" data-element_type=\"section\" data-e-type=\"section\" data-settings=\"{&quot;stretch_section&quot;:&quot;section-stretched&quot;,&quot;background_background&quot;:&quot;classic&quot;}\">\n\t\t\t\t\t\t\t<div class=\"elementor-background-overlay\"><\/div>\n\t\t\t\t\t\t\t<div class=\"elementor-container elementor-column-gap-no\">\n\t\t\t\t\t<div class=\"elementor-column elementor-col-100 elementor-top-column elementor-element elementor-element-176cb26\" data-id=\"176cb26\" data-element_type=\"column\" data-e-type=\"column\">\n\t\t\t<div class=\"elementor-widget-wrap elementor-element-populated\">\n\t\t\t\t\t\t<div class=\"elementor-element elementor-element-df16ceb thim-ekits-heading-text-center elementor-widget thim-ekits-heading elementor-widget-thim-heading\" data-id=\"df16ceb\" data-element_type=\"widget\" data-e-type=\"widget\" data-widget_type=\"thim-heading.default\">\n\t\t\t\t<div class=\"elementor-widget-container\">\n\t\t\t\t\t<div class=\"sc_heading text-center\"><h3 class=\"title\">Besoins d'avoir plus d'informations ? <\/h3><div class=\"sub-heading\"><p>Contactez - nous<\/p>\n<\/div><span class=\"line\"><\/span><\/div>\t\t\t\t<\/div>\n\t\t\t\t<\/div>\n\t\t\t\t<div class=\"elementor-element elementor-element-d3abdd3 elementor-align-center elementor-widget elementor-widget-button\" data-id=\"d3abdd3\" data-element_type=\"widget\" data-e-type=\"widget\" data-widget_type=\"button.default\">\n\t\t\t\t<div class=\"elementor-widget-container\">\n\t\t\t\t\t\t\t\t\t<div class=\"elementor-button-wrapper\">\n\t\t\t\t\t<a class=\"elementor-button elementor-button-link elementor-size-lg\" href=\"https:\/\/iasp-bf.org\/index.php\/contact\/\">\n\t\t\t\t\t\t<span class=\"elementor-button-content-wrapper\">\n\t\t\t\t\t\t<span class=\"elementor-button-icon\">\n\t\t\t\t<i aria-hidden=\"true\" class=\"far fa-address-card\"><\/i>\t\t\t<\/span>\n\t\t\t\t\t\t\t\t\t<span class=\"elementor-button-text\">Nous contacter<\/span>\n\t\t\t\t\t<\/span>\n\t\t\t\t\t<\/a>\n\t\t\t\t<\/div>\n\t\t\t\t\t\t\t\t<\/div>\n\t\t\t\t<\/div>\n\t\t\t\t\t<\/div>\n\t\t<\/div>\n\t\t\t\t\t<\/div>\n\t\t<\/section>\n\t\t\t\t<\/div>\n\t\t","protected":false},"excerpt":{"rendered":"<p>NOS FORMATIONS continues La mission fondamentale de l\u2019IASP est d\u2019\u0153uvrer, au Burkina Faso en particulier et en Afrique en g\u00e9n\u00e9ral, \u00e0 la r\u00e9alisation de recherches sur les probl\u00e8mes majeurs de sant\u00e9 des populations et \u00e0 la formation de chercheurs et &hellip; <\/p>\n","protected":false},"author":1,"featured_media":0,"parent":0,"menu_order":0,"comment_status":"closed","ping_status":"closed","template":"","meta":{"_bbp_topic_count":0,"_bbp_reply_count":0,"_bbp_total_topic_count":0,"_bbp_total_reply_count":0,"_bbp_voice_count":0,"_bbp_anonymous_reply_count":0,"_bbp_topic_count_hidden":0,"_bbp_reply_count_hidden":0,"_bbp_forum_subforum_count":0,"pmpro_default_level":"","footnotes":""},"class_list":["post-9379","page","type-page","status-publish","hentry","pmpro-has-access"],"aioseo_notices":[],"_links":{"self":[{"href":"https:\/\/iasp-bf.org\/index.php\/wp-json\/wp\/v2\/pages\/9379"}],"collection":[{"href":"https:\/\/iasp-bf.org\/index.php\/wp-json\/wp\/v2\/pages"}],"about":[{"href":"https:\/\/iasp-bf.org\/index.php\/wp-json\/wp\/v2\/types\/page"}],"author":[{"embeddable":true,"href":"https:\/\/iasp-bf.org\/index.php\/wp-json\/wp\/v2\/users\/1"}],"replies":[{"embeddable":true,"href":"https:\/\/iasp-bf.org\/index.php\/wp-json\/wp\/v2\/comments?post=9379"}],"version-history":[{"count":7,"href":"https:\/\/iasp-bf.org\/index.php\/wp-json\/wp\/v2\/pages\/9379\/revisions"}],"predecessor-version":[{"id":9633,"href":"https:\/\/iasp-bf.org\/index.php\/wp-json\/wp\/v2\/pages\/9379\/revisions\/9633"}],"wp:attachment":[{"href":"https:\/\/iasp-bf.org\/index.php\/wp-json\/wp\/v2\/media?parent=9379"}],"curies":[{"name":"wp","href":"https:\/\/api.w.org\/{rel}","templated":true}]}}