{"id":9371,"date":"2022-04-05T00:46:42","date_gmt":"2022-04-05T00:46:42","guid":{"rendered":"https:\/\/iasp-bf.org\/?page_id=9371"},"modified":"2025-03-17T14:28:18","modified_gmt":"2025-03-17T14:28:18","slug":"formations-en-presentiel","status":"publish","type":"page","link":"https:\/\/iasp-bf.org\/index.php\/formations-en-presentiel\/","title":{"rendered":"Master en pr\u00e9sentiel"},"content":{"rendered":"\t\t<div data-elementor-type=\"wp-page\" data-elementor-id=\"9371\" class=\"elementor elementor-9371\" data-elementor-post-type=\"page\">\n\t\t\t\t\t\t<section class=\"elementor-section elementor-top-section elementor-element elementor-element-5f0ee8c4 elementor-section-boxed elementor-section-height-default elementor-section-height-default\" data-id=\"5f0ee8c4\" data-element_type=\"section\" data-e-type=\"section\">\n\t\t\t\t\t\t<div class=\"elementor-container elementor-column-gap-default\">\n\t\t\t\t\t<div class=\"elementor-column elementor-col-100 elementor-top-column elementor-element elementor-element-6d7a10bd\" data-id=\"6d7a10bd\" data-element_type=\"column\" data-e-type=\"column\">\n\t\t\t<div class=\"elementor-widget-wrap elementor-element-populated\">\n\t\t\t\t\t\t<div class=\"elementor-element elementor-element-7c3dfca thim-ekits-heading-text-center elementor-widget thim-ekits-heading elementor-widget-thim-heading\" data-id=\"7c3dfca\" data-element_type=\"widget\" data-e-type=\"widget\" data-widget_type=\"thim-heading.default\">\n\t\t\t\t<div class=\"elementor-widget-container\">\n\t\t\t\t\t<div class=\"sc_heading text-center\"><h3 class=\"title\">NOS MASTER EN  <span class=\"thim-color\">PRESENTIEL<\/span><\/h3><div class=\"sub-heading\"><p>La mission fondamentale de l\u2019IASP est d\u2019\u0153uvrer, au Burkina Faso en particulier et en Afrique en g\u00e9n\u00e9ral, \u00e0 la r\u00e9alisation de recherches sur les probl\u00e8mes majeurs de sant\u00e9 des populations et \u00e0 la formation de chercheurs et chefs de file capables de travailler dans les r\u00e9seaux des soins de sant\u00e9 en y apportant une capacit\u00e9 d'analyse et de recherche pertinente sur les syst\u00e8mes de sant\u00e9.<\/p>\n<\/div><span class=\"line\"><\/span><\/div>\t\t\t\t<\/div>\n\t\t\t\t<\/div>\n\t\t\t\t<div class=\"elementor-element elementor-element-3c605f2 elementor-widget thim-widget-list-post\" data-id=\"3c605f2\" data-element_type=\"widget\" data-e-type=\"widget\" data-widget_type=\"thim-list-post.default\">\n\t\t\t\t<div class=\"elementor-widget-container\">\n\t\t\t\t\t<div class=\"thim-list-post-inner\"><div class=\"sc-list-post thim-grid-posts has-horizontal\"><div class=\"grid-horizontal\"><div class=\"item-post post-9300 post type-post status-publish format-standard has-post-thumbnail hentry category-master-en-presentiel pmpro-has-access\"><div class=\"article-image\"><img fetchpriority=\"high\" decoding=\"async\" width=\"1024\" height=\"1024\" src=\"https:\/\/iasp-bf.org\/wp-content\/uploads\/2022\/04\/Economie-de-la-Sante1.webp\" class=\"attachment-shop_single size-shop_single wp-post-image\" alt=\"\" srcset=\"https:\/\/iasp-bf.org\/wp-content\/uploads\/2022\/04\/Economie-de-la-Sante1.webp 1024w, https:\/\/iasp-bf.org\/wp-content\/uploads\/2022\/04\/Economie-de-la-Sante1-300x300.webp 300w, https:\/\/iasp-bf.org\/wp-content\/uploads\/2022\/04\/Economie-de-la-Sante1-150x150.webp 150w, https:\/\/iasp-bf.org\/wp-content\/uploads\/2022\/04\/Economie-de-la-Sante1-768x768.webp 768w, https:\/\/iasp-bf.org\/wp-content\/uploads\/2022\/04\/Economie-de-la-Sante1-600x600.webp 600w, https:\/\/iasp-bf.org\/wp-content\/uploads\/2022\/04\/Economie-de-la-Sante1-100x100.webp 100w\" sizes=\"(max-width: 1024px) 100vw, 1024px\" \/><\/div><div class=\"article-wrapper\"><div class=\"date\"><\/div><h5 class=\"title\"><a href=\"https:\/\/iasp-bf.org\/index.php\/2022\/04\/04\/master-en-sante-publique-option-economie-de-la-sante\/\" class=\"article-title\">Master sp\u00e9cialis\u00e9 en Sant\u00e9 Publique, Option Economie de la sant\u00e9<\/a><\/h5><div class=\"desc description\"><p>Public cible Titulaires d\u2019un doctorat d\u2019\u00e9tat en m\u00e9decine humaine, pharmacie, chirurgie dentaire,...<\/p><\/div><a class=\"read-more\" href=\"https:\/\/iasp-bf.org\/index.php\/2022\/04\/04\/master-en-sante-publique-option-economie-de-la-sante\/\" >Read More<i class=\"fa fa-long-arrow-right\"><\/i><\/a><\/div><\/div><div class=\"item-post post-9301 post type-post status-publish format-standard has-post-thumbnail hentry category-master-en-presentiel pmpro-has-access\"><div class=\"article-image\"><img decoding=\"async\" width=\"1024\" height=\"1024\" src=\"https:\/\/iasp-bf.org\/wp-content\/uploads\/2022\/04\/epidemio-et-biostat.webp\" class=\"attachment-shop_single size-shop_single wp-post-image\" alt=\"\" srcset=\"https:\/\/iasp-bf.org\/wp-content\/uploads\/2022\/04\/epidemio-et-biostat.webp 1024w, https:\/\/iasp-bf.org\/wp-content\/uploads\/2022\/04\/epidemio-et-biostat-300x300.webp 300w, https:\/\/iasp-bf.org\/wp-content\/uploads\/2022\/04\/epidemio-et-biostat-150x150.webp 150w, https:\/\/iasp-bf.org\/wp-content\/uploads\/2022\/04\/epidemio-et-biostat-768x768.webp 768w, https:\/\/iasp-bf.org\/wp-content\/uploads\/2022\/04\/epidemio-et-biostat-600x600.webp 600w, https:\/\/iasp-bf.org\/wp-content\/uploads\/2022\/04\/epidemio-et-biostat-100x100.webp 100w\" sizes=\"(max-width: 1024px) 100vw, 1024px\" \/><\/div><div class=\"article-wrapper\"><div class=\"date\"><\/div><h5 class=\"title\"><a href=\"https:\/\/iasp-bf.org\/index.php\/2022\/04\/04\/master-en-epidemiologie-et-bio-statistique\/\" class=\"article-title\">Master en \u00e9pid\u00e9miologie et biostatistique<\/a><\/h5><div class=\"desc description\"><p>Public cible Docteur : en m\u00e9decine, pharmacie, odonto stomatologie et chirurgie dentaire,...<\/p><\/div><a class=\"read-more\" href=\"https:\/\/iasp-bf.org\/index.php\/2022\/04\/04\/master-en-epidemiologie-et-bio-statistique\/\" >Read More<i class=\"fa fa-long-arrow-right\"><\/i><\/a><\/div><\/div><div class=\"item-post post-9302 post type-post status-publish format-standard has-post-thumbnail hentry category-master-en-presentiel pmpro-has-access\"><div class=\"article-image\"><img decoding=\"async\" width=\"1024\" height=\"1024\" src=\"https:\/\/iasp-bf.org\/wp-content\/uploads\/2022\/04\/Planification-et-Management.webp\" class=\"attachment-shop_single size-shop_single wp-post-image\" alt=\"\" srcset=\"https:\/\/iasp-bf.org\/wp-content\/uploads\/2022\/04\/Planification-et-Management.webp 1024w, https:\/\/iasp-bf.org\/wp-content\/uploads\/2022\/04\/Planification-et-Management-300x300.webp 300w, https:\/\/iasp-bf.org\/wp-content\/uploads\/2022\/04\/Planification-et-Management-150x150.webp 150w, https:\/\/iasp-bf.org\/wp-content\/uploads\/2022\/04\/Planification-et-Management-768x768.webp 768w, https:\/\/iasp-bf.org\/wp-content\/uploads\/2022\/04\/Planification-et-Management-600x600.webp 600w, https:\/\/iasp-bf.org\/wp-content\/uploads\/2022\/04\/Planification-et-Management-100x100.webp 100w\" sizes=\"(max-width: 1024px) 100vw, 1024px\" \/><\/div><div class=\"article-wrapper\"><div class=\"date\"><\/div><h5 class=\"title\"><a href=\"https:\/\/iasp-bf.org\/index.php\/2022\/04\/04\/master-en-planification-et-management-des-programmes-et-services-de-sante\/\" class=\"article-title\">Master sp\u00e9cialis\u00e9 en sant\u00e9 publique, option planification et management des programmes et services de sant\u00e9<\/a><\/h5><div class=\"desc description\"><p>Public cible Titulaires d\u2019un doctorat d\u2019\u00e9tat en m\u00e9decine humaine, pharmacie, chirurgie dentaire,...<\/p><\/div><a class=\"read-more\" href=\"https:\/\/iasp-bf.org\/index.php\/2022\/04\/04\/master-en-planification-et-management-des-programmes-et-services-de-sante\/\" >Read More<i class=\"fa fa-long-arrow-right\"><\/i><\/a><\/div><\/div><div class=\"item-post post-9303 post type-post status-publish format-standard has-post-thumbnail hentry category-master-en-presentiel pmpro-has-access\"><div class=\"article-image\"><img loading=\"lazy\" decoding=\"async\" width=\"1024\" height=\"1024\" src=\"https:\/\/iasp-bf.org\/wp-content\/uploads\/2022\/04\/Nutrition-et-Sante-Publique.webp\" class=\"attachment-shop_single size-shop_single wp-post-image\" alt=\"\" srcset=\"https:\/\/iasp-bf.org\/wp-content\/uploads\/2022\/04\/Nutrition-et-Sante-Publique.webp 1024w, https:\/\/iasp-bf.org\/wp-content\/uploads\/2022\/04\/Nutrition-et-Sante-Publique-300x300.webp 300w, https:\/\/iasp-bf.org\/wp-content\/uploads\/2022\/04\/Nutrition-et-Sante-Publique-150x150.webp 150w, https:\/\/iasp-bf.org\/wp-content\/uploads\/2022\/04\/Nutrition-et-Sante-Publique-768x768.webp 768w, https:\/\/iasp-bf.org\/wp-content\/uploads\/2022\/04\/Nutrition-et-Sante-Publique-600x600.webp 600w, https:\/\/iasp-bf.org\/wp-content\/uploads\/2022\/04\/Nutrition-et-Sante-Publique-100x100.webp 100w\" sizes=\"(max-width: 1024px) 100vw, 1024px\" \/><\/div><div class=\"article-wrapper\"><div class=\"date\"><\/div><h5 class=\"title\"><a href=\"https:\/\/iasp-bf.org\/index.php\/2022\/04\/04\/master-en-nutrition-et-sante-publique\/\" class=\"article-title\">Master sp\u00e9cialis\u00e9 en sant\u00e9 publique, option nutrition et sant\u00e9 publique<\/a><\/h5><div class=\"desc description\"><p>Public cible Titulaires d\u2019un doctorat d\u2019\u00e9tat en m\u00e9decine humaine, pharmacie, chirurgie dentaire,...<\/p><\/div><a class=\"read-more\" href=\"https:\/\/iasp-bf.org\/index.php\/2022\/04\/04\/master-en-nutrition-et-sante-publique\/\" >Read More<i class=\"fa fa-long-arrow-right\"><\/i><\/a><\/div><\/div><\/div><\/div><\/div>\t\t\t\t<\/div>\n\t\t\t\t<\/div>\n\t\t\t\t\t<\/div>\n\t\t<\/div>\n\t\t\t\t\t<\/div>\n\t\t<\/section>\n\t\t\t\t<section class=\"elementor-section elementor-top-section elementor-element elementor-element-95360fc elementor-section-stretched elementor-section-content-middle elementor-section-boxed elementor-section-height-default elementor-section-height-default\" data-id=\"95360fc\" data-element_type=\"section\" data-e-type=\"section\" data-settings=\"{&quot;stretch_section&quot;:&quot;section-stretched&quot;,&quot;background_background&quot;:&quot;classic&quot;}\">\n\t\t\t\t\t\t\t<div class=\"elementor-background-overlay\"><\/div>\n\t\t\t\t\t\t\t<div class=\"elementor-container elementor-column-gap-no\">\n\t\t\t\t\t<div class=\"elementor-column elementor-col-100 elementor-top-column elementor-element elementor-element-176cb26\" data-id=\"176cb26\" data-element_type=\"column\" data-e-type=\"column\">\n\t\t\t<div class=\"elementor-widget-wrap elementor-element-populated\">\n\t\t\t\t\t\t<div class=\"elementor-element elementor-element-df16ceb thim-ekits-heading-text-center elementor-widget thim-ekits-heading elementor-widget-thim-heading\" data-id=\"df16ceb\" data-element_type=\"widget\" data-e-type=\"widget\" data-widget_type=\"thim-heading.default\">\n\t\t\t\t<div class=\"elementor-widget-container\">\n\t\t\t\t\t<div class=\"sc_heading text-center\"><h3 class=\"title\">Besoins d'avoir plus d'informations ? <\/h3><div class=\"sub-heading\"><p>Contactez - nous<\/p>\n<\/div><span class=\"line\"><\/span><\/div>\t\t\t\t<\/div>\n\t\t\t\t<\/div>\n\t\t\t\t<div class=\"elementor-element elementor-element-d3abdd3 elementor-align-center elementor-widget elementor-widget-button\" data-id=\"d3abdd3\" data-element_type=\"widget\" data-e-type=\"widget\" data-widget_type=\"button.default\">\n\t\t\t\t<div class=\"elementor-widget-container\">\n\t\t\t\t\t\t\t\t\t<div class=\"elementor-button-wrapper\">\n\t\t\t\t\t<a class=\"elementor-button elementor-button-link elementor-size-lg\" href=\"https:\/\/iasp-bf.org\/index.php\/contact\/\">\n\t\t\t\t\t\t<span class=\"elementor-button-content-wrapper\">\n\t\t\t\t\t\t<span class=\"elementor-button-icon\">\n\t\t\t\t<i aria-hidden=\"true\" class=\"far fa-address-card\"><\/i>\t\t\t<\/span>\n\t\t\t\t\t\t\t\t\t<span class=\"elementor-button-text\">Nous contacter<\/span>\n\t\t\t\t\t<\/span>\n\t\t\t\t\t<\/a>\n\t\t\t\t<\/div>\n\t\t\t\t\t\t\t\t<\/div>\n\t\t\t\t<\/div>\n\t\t\t\t\t<\/div>\n\t\t<\/div>\n\t\t\t\t\t<\/div>\n\t\t<\/section>\n\t\t\t\t<\/div>\n\t\t","protected":false},"excerpt":{"rendered":"<p>NOS MASTER EN PRESENTIEL La mission fondamentale de l\u2019IASP est d\u2019\u0153uvrer, au Burkina Faso en particulier et en Afrique en g\u00e9n\u00e9ral, \u00e0 la r\u00e9alisation de recherches sur les probl\u00e8mes majeurs de sant\u00e9 des populations et \u00e0 la formation de chercheurs &hellip; <\/p>\n","protected":false},"author":1,"featured_media":0,"parent":0,"menu_order":0,"comment_status":"closed","ping_status":"closed","template":"","meta":{"_bbp_topic_count":0,"_bbp_reply_count":0,"_bbp_total_topic_count":0,"_bbp_total_reply_count":0,"_bbp_voice_count":0,"_bbp_anonymous_reply_count":0,"_bbp_topic_count_hidden":0,"_bbp_reply_count_hidden":0,"_bbp_forum_subforum_count":0,"pmpro_default_level":"","footnotes":""},"class_list":["post-9371","page","type-page","status-publish","hentry","pmpro-has-access"],"aioseo_notices":[],"_links":{"self":[{"href":"https:\/\/iasp-bf.org\/index.php\/wp-json\/wp\/v2\/pages\/9371"}],"collection":[{"href":"https:\/\/iasp-bf.org\/index.php\/wp-json\/wp\/v2\/pages"}],"about":[{"href":"https:\/\/iasp-bf.org\/index.php\/wp-json\/wp\/v2\/types\/page"}],"author":[{"embeddable":true,"href":"https:\/\/iasp-bf.org\/index.php\/wp-json\/wp\/v2\/users\/1"}],"replies":[{"embeddable":true,"href":"https:\/\/iasp-bf.org\/index.php\/wp-json\/wp\/v2\/comments?post=9371"}],"version-history":[{"count":18,"href":"https:\/\/iasp-bf.org\/index.php\/wp-json\/wp\/v2\/pages\/9371\/revisions"}],"predecessor-version":[{"id":18191,"href":"https:\/\/iasp-bf.org\/index.php\/wp-json\/wp\/v2\/pages\/9371\/revisions\/18191"}],"wp:attachment":[{"href":"https:\/\/iasp-bf.org\/index.php\/wp-json\/wp\/v2\/media?parent=9371"}],"curies":[{"name":"wp","href":"https:\/\/api.w.org\/{rel}","templated":true}]}}