{"id":9270,"date":"2022-04-04T01:15:40","date_gmt":"2022-04-04T01:15:40","guid":{"rendered":"https:\/\/iasp-bf.org\/?page_id=9270"},"modified":"2022-04-04T01:29:33","modified_gmt":"2022-04-04T01:29:33","slug":"recherches-expertises","status":"publish","type":"page","link":"https:\/\/iasp-bf.org\/index.php\/recherches-expertises\/","title":{"rendered":"Recherches &#038; Expertises"},"content":{"rendered":"\t\t<div data-elementor-type=\"wp-page\" data-elementor-id=\"9270\" class=\"elementor elementor-9270\" data-elementor-post-type=\"page\">\n\t\t\t\t\t\t<section class=\"elementor-section elementor-top-section elementor-element elementor-element-5f0ee8c4 elementor-section-boxed elementor-section-height-default elementor-section-height-default\" data-id=\"5f0ee8c4\" data-element_type=\"section\">\n\t\t\t\t\t\t<div class=\"elementor-container elementor-column-gap-default\">\n\t\t\t\t\t<div class=\"elementor-column elementor-col-100 elementor-top-column elementor-element elementor-element-6d7a10bd\" data-id=\"6d7a10bd\" data-element_type=\"column\">\n\t\t\t<div class=\"elementor-widget-wrap elementor-element-populated\">\n\t\t\t\t\t\t<div class=\"elementor-element elementor-element-7c3dfca thim-ekits-heading-text-center elementor-widget thim-ekits-heading elementor-widget-thim-heading\" data-id=\"7c3dfca\" data-element_type=\"widget\" data-widget_type=\"thim-heading.default\">\n\t\t\t\t<div class=\"elementor-widget-container\">\n\t\t\t\t\t<div class=\"sc_heading text-center\"><h3 class=\"title\">Recherches &amp; Expertises <\/h3><span class=\"line\"><\/span><\/div>\t\t\t\t<\/div>\n\t\t\t\t<\/div>\n\t\t\t\t\t<\/div>\n\t\t<\/div>\n\t\t\t\t\t<\/div>\n\t\t<\/section>\n\t\t\t\t<section class=\"elementor-section elementor-top-section elementor-element elementor-element-338b26d elementor-section-boxed elementor-section-height-default elementor-section-height-default\" data-id=\"338b26d\" data-element_type=\"section\">\n\t\t\t\t\t\t<div class=\"elementor-container elementor-column-gap-default\">\n\t\t\t\t\t<div class=\"elementor-column elementor-col-50 elementor-top-column elementor-element elementor-element-bad35be\" data-id=\"bad35be\" data-element_type=\"column\">\n\t\t\t<div class=\"elementor-widget-wrap elementor-element-populated\">\n\t\t\t\t\t\t<div class=\"elementor-element elementor-element-e449fe4 elementor-widget elementor-widget-text-editor\" data-id=\"e449fe4\" data-element_type=\"widget\" data-widget_type=\"text-editor.default\">\n\t\t\t\t<div class=\"elementor-widget-container\">\n\t\t\t\t\t\t\t\t\t<p>L\u2019IASP s\u2019est entour\u00e9 d\u2019un personnel encadreur hautement qualifi\u00e9 dans tous les domaines de la sant\u00e9 publique.<\/p><p>Les enseignants viennent d\u2019horizons divers et ont pour la plupart une exp\u00e9rience professionnelle av\u00e9r\u00e9e dans l\u2019enseignement des modules de formation en sant\u00e9 publique et\/ou dans la conduite des programmes de sant\u00e9.<\/p>\t\t\t\t\t\t\t\t<\/div>\n\t\t\t\t<\/div>\n\t\t\t\t\t<\/div>\n\t\t<\/div>\n\t\t\t\t<div class=\"elementor-column elementor-col-50 elementor-top-column elementor-element elementor-element-7a7c5be\" data-id=\"7a7c5be\" data-element_type=\"column\" data-settings=\"{&quot;background_background&quot;:&quot;classic&quot;}\">\n\t\t\t<div class=\"elementor-widget-wrap elementor-element-populated\">\n\t\t\t\t\t\t<div class=\"elementor-element elementor-element-14bb69a elementor-widget elementor-widget-spacer\" data-id=\"14bb69a\" data-element_type=\"widget\" data-widget_type=\"spacer.default\">\n\t\t\t\t<div class=\"elementor-widget-container\">\n\t\t\t\t\t\t\t<div class=\"elementor-spacer\">\n\t\t\t<div class=\"elementor-spacer-inner\"><\/div>\n\t\t<\/div>\n\t\t\t\t\t\t<\/div>\n\t\t\t\t<\/div>\n\t\t\t\t\t<\/div>\n\t\t<\/div>\n\t\t\t\t\t<\/div>\n\t\t<\/section>\n\t\t\t\t<\/div>\n\t\t","protected":false},"excerpt":{"rendered":"<p>Recherches &#038; Expertises L\u2019IASP s\u2019est entour\u00e9 d\u2019un personnel encadreur hautement qualifi\u00e9 dans tous les domaines de la sant\u00e9 publique. Les enseignants viennent d\u2019horizons divers et ont pour la plupart une exp\u00e9rience professionnelle av\u00e9r\u00e9e dans l\u2019enseignement des modules de formation en &hellip; <\/p>\n","protected":false},"author":1,"featured_media":0,"parent":0,"menu_order":0,"comment_status":"closed","ping_status":"closed","template":"","meta":{"_bbp_topic_count":0,"_bbp_reply_count":0,"_bbp_total_topic_count":0,"_bbp_total_reply_count":0,"_bbp_voice_count":0,"_bbp_anonymous_reply_count":0,"_bbp_topic_count_hidden":0,"_bbp_reply_count_hidden":0,"_bbp_forum_subforum_count":0,"pmpro_default_level":"","footnotes":""},"class_list":["post-9270","page","type-page","status-publish","hentry","pmpro-has-access"],"aioseo_notices":[],"_links":{"self":[{"href":"https:\/\/iasp-bf.org\/index.php\/wp-json\/wp\/v2\/pages\/9270"}],"collection":[{"href":"https:\/\/iasp-bf.org\/index.php\/wp-json\/wp\/v2\/pages"}],"about":[{"href":"https:\/\/iasp-bf.org\/index.php\/wp-json\/wp\/v2\/types\/page"}],"author":[{"embeddable":true,"href":"https:\/\/iasp-bf.org\/index.php\/wp-json\/wp\/v2\/users\/1"}],"replies":[{"embeddable":true,"href":"https:\/\/iasp-bf.org\/index.php\/wp-json\/wp\/v2\/comments?post=9270"}],"version-history":[{"count":4,"href":"https:\/\/iasp-bf.org\/index.php\/wp-json\/wp\/v2\/pages\/9270\/revisions"}],"predecessor-version":[{"id":9274,"href":"https:\/\/iasp-bf.org\/index.php\/wp-json\/wp\/v2\/pages\/9270\/revisions\/9274"}],"wp:attachment":[{"href":"https:\/\/iasp-bf.org\/index.php\/wp-json\/wp\/v2\/media?parent=9270"}],"curies":[{"name":"wp","href":"https:\/\/api.w.org\/{rel}","templated":true}]}}