{"id":9260,"date":"2022-04-04T01:01:52","date_gmt":"2022-04-04T01:01:52","guid":{"rendered":"https:\/\/iasp-bf.org\/?page_id=9260"},"modified":"2022-04-04T01:11:30","modified_gmt":"2022-04-04T01:11:30","slug":"mot-du-directeur-general","status":"publish","type":"page","link":"https:\/\/iasp-bf.org\/index.php\/mot-du-directeur-general\/","title":{"rendered":"Mot du Directeur G\u00e9n\u00e9ral"},"content":{"rendered":"\t\t<div data-elementor-type=\"wp-page\" data-elementor-id=\"9260\" class=\"elementor elementor-9260\" data-elementor-post-type=\"page\">\n\t\t\t\t\t\t<section class=\"elementor-section elementor-top-section elementor-element elementor-element-4944cf4 elementor-section-boxed elementor-section-height-default elementor-section-height-default\" data-id=\"4944cf4\" data-element_type=\"section\">\n\t\t\t\t\t\t<div class=\"elementor-container elementor-column-gap-default\">\n\t\t\t\t\t<div class=\"elementor-column elementor-col-100 elementor-top-column elementor-element elementor-element-6e97b63\" data-id=\"6e97b63\" data-element_type=\"column\">\n\t\t\t<div class=\"elementor-widget-wrap elementor-element-populated\">\n\t\t\t\t\t\t<div class=\"elementor-element elementor-element-77472f8 thim-ekits-heading-text-center elementor-widget thim-ekits-heading elementor-widget-thim-heading\" data-id=\"77472f8\" data-element_type=\"widget\" data-widget_type=\"thim-heading.default\">\n\t\t\t\t<div class=\"elementor-widget-container\">\n\t\t\t\t\t<div class=\"sc_heading text-center\"><h3 class=\"title\">MOTS DU DIRECTEUR G\u00c9N\u00c9RAL <\/h3><div class=\"sub-heading\"><p>Blaise SONDO<\/p>\n<\/div><span class=\"line\"><\/span><\/div>\t\t\t\t<\/div>\n\t\t\t\t<\/div>\n\t\t\t\t\t<\/div>\n\t\t<\/div>\n\t\t\t\t\t<\/div>\n\t\t<\/section>\n\t\t\t\t<section class=\"elementor-section elementor-top-section elementor-element elementor-element-04bd2d5 elementor-section-boxed elementor-section-height-default elementor-section-height-default\" data-id=\"04bd2d5\" data-element_type=\"section\">\n\t\t\t\t\t\t<div class=\"elementor-container elementor-column-gap-default\">\n\t\t\t\t\t<div class=\"elementor-column elementor-col-50 elementor-top-column elementor-element elementor-element-904de80\" data-id=\"904de80\" data-element_type=\"column\">\n\t\t\t<div class=\"elementor-widget-wrap elementor-element-populated\">\n\t\t\t\t\t\t<div class=\"elementor-element elementor-element-bd5140c elementor-widget elementor-widget-text-editor\" data-id=\"bd5140c\" data-element_type=\"widget\" data-widget_type=\"text-editor.default\">\n\t\t\t\t<div class=\"elementor-widget-container\">\n\t\t\t\t\t\t\t\t\t<p>L\u2019offre de formation en Sant\u00e9 Publique en Afrique reste\u00a0des formations de dur\u00e9es diverses pour acqu\u00e9rir les m\u00e9thodes d\u2019approche et les outils de Sant\u00e9 Publique leur permettant de faire face avec efficacit\u00e9 et efficience aux probl\u00e8mes majeurs de sant\u00e9 des populations et des syst\u00e8mes de sant\u00e9.<\/p><p>\u00a0\u00a0\u00a0 L\u2019Institut Africain de Sant\u00e9 Publique (IASP) a \u00e9t\u00e9 cr\u00e9\u00e9 dot\u00e9 de la mission<\/p><ul><li>d\u2019une part, de former des professionnels de la sant\u00e9 capables de traiter les questions de gestion, d\u2019organisation et de planification des syst\u00e8mes de soins de sant\u00e9 et d\u2019assurer le suivi et l\u2019\u00e9valuation des programmes de sant\u00e9 ainsi que des chercheurs capables d\u2019assurer une recherche de qualit\u00e9<\/li><li>et d\u2019autre part d\u2019\u0153uvrer \u00e0 la r\u00e9alisation de recherches sur les syst\u00e8mes de sant\u00e9 au Burkina et en Afrique.<\/li><\/ul><p>\u00a0\u00a0\u00a0 L\u2019IASP capitalise l\u2019exp\u00e9rience de plus de vingt ans de cadres africains dans l\u2019enseignement sup\u00e9rieur, la recherche scientifique et le management des services de sant\u00e9. Il met en commun ce capital d\u2019exp\u00e9riences et celui des enseignants et chercheurs en sciences sociales pour r\u00e9pondre aux besoins de formation, d\u2019encadrement et d\u2019accompagnement techniques des jeunes cadres de la sant\u00e9 en qu\u00eate de comp\u00e9tences, d\u2019aptitudes et d\u2019attitudes pour g\u00e9rer les syst\u00e8mes nationaux de sant\u00e9, des programmes et projets de sant\u00e9 nationaux ou d\u2019ONG.<br \/>En ouvrant ses portes aux futurs \u00e9tudiants et stagiaires, l\u2019IASP salue tous ceux qui l\u2019ont accompagn\u00e9 depuis pr\u00e8s d\u2019une d\u00e9cennie, de sa conception \u00e0 cette naissance. Sont de ceux-l\u00e0 les autorit\u00e9s des minist\u00e8res burkinab\u00e9 charg\u00e9s de l\u2019administration territoriale, de la sant\u00e9 et de l\u2019enseignement sup\u00e9rieur. Il se donne le devoir de m\u00e9riter cet accompagnement et celui de toute autre institution soucieuse du d\u00e9veloppement de la Sant\u00e9 Publique en Afrique pour la protection de la sant\u00e9 des populations.<\/p><p>\u00a0\u00a0\u00a0 Je voudrais remercier particuli\u00e8rement le professeur Jacques Simpor\u00e9, recteur de l\u2019USTA et tout son personnel pour le soutien inestimable qui nous a \u00e9t\u00e9 accord\u00e9.<\/p><p>\u00a0\u00a0 L\u2019IASP reste ouvert \u00e0 des partenariats avec les institutions acad\u00e9miques ou de recherche du sud comme du nord ainsi qu\u2019avec les agences gouvernementales et non gouvernementales \u0153uvrant dans le champ de la sant\u00e9 publique pour une coop\u00e9ration mutuellement fructueuse.<\/p>\t\t\t\t\t\t\t\t<\/div>\n\t\t\t\t<\/div>\n\t\t\t\t\t<\/div>\n\t\t<\/div>\n\t\t\t\t<div class=\"elementor-column elementor-col-50 elementor-top-column elementor-element elementor-element-63de3c1\" data-id=\"63de3c1\" data-element_type=\"column\">\n\t\t\t<div class=\"elementor-widget-wrap elementor-element-populated\">\n\t\t\t\t\t\t<div class=\"elementor-element elementor-element-9d9eb4e elementor-widget elementor-widget-image\" data-id=\"9d9eb4e\" data-element_type=\"widget\" data-widget_type=\"image.default\">\n\t\t\t\t<div class=\"elementor-widget-container\">\n\t\t\t\t\t\t\t\t\t\t\t\t\t\t\t<img fetchpriority=\"high\" decoding=\"async\" width=\"640\" height=\"530\" src=\"https:\/\/iasp-bf.org\/wp-content\/uploads\/2022\/04\/photo-directeur.png\" class=\"attachment-large size-large wp-image-9263\" alt=\"\" srcset=\"https:\/\/iasp-bf.org\/wp-content\/uploads\/2022\/04\/photo-directeur.png 650w, https:\/\/iasp-bf.org\/wp-content\/uploads\/2022\/04\/photo-directeur-300x248.png 300w, https:\/\/iasp-bf.org\/wp-content\/uploads\/2022\/04\/photo-directeur-600x497.png 600w\" sizes=\"(max-width: 640px) 100vw, 640px\" \/>\t\t\t\t\t\t\t\t\t\t\t\t\t\t\t<\/div>\n\t\t\t\t<\/div>\n\t\t\t\t<div class=\"elementor-element elementor-element-f756b3b elementor-widget elementor-widget-heading\" data-id=\"f756b3b\" data-element_type=\"widget\" data-widget_type=\"heading.default\">\n\t\t\t\t<div class=\"elementor-widget-container\">\n\t\t\t\t\t<h2 class=\"elementor-heading-title elementor-size-default\">Blaise SONDO<\/h2>\t\t\t\t<\/div>\n\t\t\t\t<\/div>\n\t\t\t\t<div class=\"elementor-element elementor-element-0fd5794 elementor-widget elementor-widget-text-editor\" data-id=\"0fd5794\" data-element_type=\"widget\" data-widget_type=\"text-editor.default\">\n\t\t\t\t<div class=\"elementor-widget-container\">\n\t\t\t\t\t\t\t\t\t<p style=\"text-align: center;\">Professeur titulaire de sant\u00e9 publique\u00a0<\/p>\t\t\t\t\t\t\t\t<\/div>\n\t\t\t\t<\/div>\n\t\t\t\t\t<\/div>\n\t\t<\/div>\n\t\t\t\t\t<\/div>\n\t\t<\/section>\n\t\t\t\t<\/div>\n\t\t","protected":false},"excerpt":{"rendered":"<p>MOTS DU DIRECTEUR G\u00c9N\u00c9RAL Blaise SONDO L\u2019offre de formation en Sant\u00e9 Publique en Afrique reste\u00a0des formations de dur\u00e9es diverses pour acqu\u00e9rir les m\u00e9thodes d\u2019approche et les outils de Sant\u00e9 Publique leur permettant de faire face avec efficacit\u00e9 et efficience aux &hellip; <\/p>\n","protected":false},"author":1,"featured_media":0,"parent":0,"menu_order":0,"comment_status":"closed","ping_status":"closed","template":"","meta":{"_bbp_topic_count":0,"_bbp_reply_count":0,"_bbp_total_topic_count":0,"_bbp_total_reply_count":0,"_bbp_voice_count":0,"_bbp_anonymous_reply_count":0,"_bbp_topic_count_hidden":0,"_bbp_reply_count_hidden":0,"_bbp_forum_subforum_count":0,"pmpro_default_level":"","footnotes":""},"class_list":["post-9260","page","type-page","status-publish","hentry","pmpro-has-access"],"aioseo_notices":[],"_links":{"self":[{"href":"https:\/\/iasp-bf.org\/index.php\/wp-json\/wp\/v2\/pages\/9260"}],"collection":[{"href":"https:\/\/iasp-bf.org\/index.php\/wp-json\/wp\/v2\/pages"}],"about":[{"href":"https:\/\/iasp-bf.org\/index.php\/wp-json\/wp\/v2\/types\/page"}],"author":[{"embeddable":true,"href":"https:\/\/iasp-bf.org\/index.php\/wp-json\/wp\/v2\/users\/1"}],"replies":[{"embeddable":true,"href":"https:\/\/iasp-bf.org\/index.php\/wp-json\/wp\/v2\/comments?post=9260"}],"version-history":[{"count":5,"href":"https:\/\/iasp-bf.org\/index.php\/wp-json\/wp\/v2\/pages\/9260\/revisions"}],"predecessor-version":[{"id":9267,"href":"https:\/\/iasp-bf.org\/index.php\/wp-json\/wp\/v2\/pages\/9260\/revisions\/9267"}],"wp:attachment":[{"href":"https:\/\/iasp-bf.org\/index.php\/wp-json\/wp\/v2\/media?parent=9260"}],"curies":[{"name":"wp","href":"https:\/\/api.w.org\/{rel}","templated":true}]}}