{"id":2901,"date":"2015-11-18T08:34:00","date_gmt":"2015-11-18T08:34:00","guid":{"rendered":"http:\/\/demo.thimpress.com\/eduma\/?page_id=2901"},"modified":"2022-05-11T14:30:42","modified_gmt":"2022-05-11T14:30:42","slug":"a-propos-de-nous","status":"publish","type":"page","link":"https:\/\/iasp-bf.org\/index.php\/a-propos-de-nous\/","title":{"rendered":"A propos de nous"},"content":{"rendered":"\t\t<div data-elementor-type=\"wp-post\" data-elementor-id=\"2901\" class=\"elementor elementor-2901\" data-elementor-post-type=\"page\">\n\t\t\t\t\t\t<section class=\"elementor-section elementor-top-section elementor-element elementor-element-7d27883 elementor-section-boxed elementor-section-height-default elementor-section-height-default\" data-id=\"7d27883\" data-element_type=\"section\" data-e-type=\"section\">\n\t\t\t\t\t\t<div class=\"elementor-container elementor-column-gap-default\">\n\t\t\t\t\t<div class=\"elementor-column elementor-col-100 elementor-top-column elementor-element elementor-element-d513acf\" data-id=\"d513acf\" data-element_type=\"column\" data-e-type=\"column\">\n\t\t\t<div class=\"elementor-widget-wrap elementor-element-populated\">\n\t\t\t\t\t\t<div class=\"elementor-element elementor-element-3197733 thim-ekits-heading-text-center elementor-widget thim-ekits-heading elementor-widget-thim-heading\" data-id=\"3197733\" data-element_type=\"widget\" data-e-type=\"widget\" data-widget_type=\"thim-heading.default\">\n\t\t\t\t<div class=\"elementor-widget-container\">\n\t\t\t\t\t<div class=\"sc_heading text-center\"><h3 class=\"title\">A propos de nous <\/h3><div class=\"sub-heading\"><p>En savoir plus sur l\u2019Institut Africain de Sant\u00e9 Publique (IASP)<\/p>\n<\/div><span class=\"line\"><\/span><\/div>\t\t\t\t<\/div>\n\t\t\t\t<\/div>\n\t\t\t\t\t<\/div>\n\t\t<\/div>\n\t\t\t\t\t<\/div>\n\t\t<\/section>\n\t\t\t\t<section class=\"elementor-section elementor-top-section elementor-element elementor-element-150b24b elementor-section-boxed elementor-section-height-default elementor-section-height-default\" data-id=\"150b24b\" data-element_type=\"section\" data-e-type=\"section\">\n\t\t\t\t\t\t<div class=\"elementor-container elementor-column-gap-default\">\n\t\t\t\t\t<div class=\"elementor-column elementor-col-25 elementor-top-column elementor-element elementor-element-f0b0257\" data-id=\"f0b0257\" data-element_type=\"column\" data-e-type=\"column\">\n\t\t\t<div class=\"elementor-widget-wrap elementor-element-populated\">\n\t\t\t\t\t\t<div class=\"elementor-element elementor-element-2fc864e elementor-widget thim-counters-box\" data-id=\"2fc864e\" data-element_type=\"widget\" data-e-type=\"widget\" data-widget_type=\"thim-counters-box.default\">\n\t\t\t\t<div class=\"elementor-widget-container\">\n\t\t\t\t\t<div class=\"counter-box about-us\"><div class=\"content-box-percentage\"><div class=\"wrap-percentage\">\n\t\t\t\t\t<div class=\"display-percentage\" data-percentage=\"10\">10<\/div><\/div><div class=\"counter-content-container\"><div class=\"counter-box-content\">Ans d'experience<\/div><\/div><\/div><\/div>\t\t\t\t<\/div>\n\t\t\t\t<\/div>\n\t\t\t\t\t<\/div>\n\t\t<\/div>\n\t\t\t\t<div class=\"elementor-column elementor-col-25 elementor-top-column elementor-element elementor-element-700aaea\" data-id=\"700aaea\" data-element_type=\"column\" data-e-type=\"column\">\n\t\t\t<div class=\"elementor-widget-wrap elementor-element-populated\">\n\t\t\t\t\t\t<div class=\"elementor-element elementor-element-f6bf7f1 elementor-widget thim-counters-box\" data-id=\"f6bf7f1\" data-element_type=\"widget\" data-e-type=\"widget\" data-widget_type=\"thim-counters-box.default\">\n\t\t\t\t<div class=\"elementor-widget-container\">\n\t\t\t\t\t<div class=\"counter-box about-us\"><div class=\"content-box-percentage\"><div class=\"wrap-percentage\">\n\t\t\t\t\t<div class=\"display-percentage\" data-percentage=\"142\">142<\/div><\/div><div class=\"counter-content-container\"><div class=\"counter-box-content\">Dipl\u00f4mes <\/div><\/div><\/div><\/div>\t\t\t\t<\/div>\n\t\t\t\t<\/div>\n\t\t\t\t\t<\/div>\n\t\t<\/div>\n\t\t\t\t<div class=\"elementor-column elementor-col-25 elementor-top-column elementor-element elementor-element-1d4b308\" data-id=\"1d4b308\" data-element_type=\"column\" data-e-type=\"column\">\n\t\t\t<div class=\"elementor-widget-wrap elementor-element-populated\">\n\t\t\t\t\t\t<div class=\"elementor-element elementor-element-3de30b1 elementor-widget thim-counters-box\" data-id=\"3de30b1\" data-element_type=\"widget\" data-e-type=\"widget\" data-widget_type=\"thim-counters-box.default\">\n\t\t\t\t<div class=\"elementor-widget-container\">\n\t\t\t\t\t<div class=\"counter-box about-us\"><div class=\"content-box-percentage\"><div class=\"wrap-percentage\">\n\t\t\t\t\t<div class=\"display-percentage\" data-percentage=\"229\">229<\/div><\/div><div class=\"counter-content-container\"><div class=\"counter-box-content\">Etudiants inscrits<\/div><\/div><\/div><\/div>\t\t\t\t<\/div>\n\t\t\t\t<\/div>\n\t\t\t\t\t<\/div>\n\t\t<\/div>\n\t\t\t\t<div class=\"elementor-column elementor-col-25 elementor-top-column elementor-element elementor-element-0f18e22\" data-id=\"0f18e22\" data-element_type=\"column\" data-e-type=\"column\">\n\t\t\t<div class=\"elementor-widget-wrap elementor-element-populated\">\n\t\t\t\t\t\t<div class=\"elementor-element elementor-element-a8f7330 thim-no-border elementor-widget thim-counters-box\" data-id=\"a8f7330\" data-element_type=\"widget\" data-e-type=\"widget\" data-widget_type=\"thim-counters-box.default\">\n\t\t\t\t<div class=\"elementor-widget-container\">\n\t\t\t\t\t<div class=\"counter-box about-us\"><div class=\"content-box-percentage\"><div class=\"wrap-percentage\">\n\t\t\t\t\t<div class=\"display-percentage\" data-percentage=\"8\">8<\/div><\/div><div class=\"counter-content-container\"><div class=\"counter-box-content\">Master<\/div><\/div><\/div><\/div>\t\t\t\t<\/div>\n\t\t\t\t<\/div>\n\t\t\t\t\t<\/div>\n\t\t<\/div>\n\t\t\t\t\t<\/div>\n\t\t<\/section>\n\t\t\t\t<section class=\"elementor-section elementor-top-section elementor-element elementor-element-2774d67 elementor-section-boxed elementor-section-height-default elementor-section-height-default\" data-id=\"2774d67\" data-element_type=\"section\" data-e-type=\"section\">\n\t\t\t\t\t\t<div class=\"elementor-container elementor-column-gap-default\">\n\t\t\t\t\t<div class=\"elementor-column elementor-col-100 elementor-top-column elementor-element elementor-element-550e34f\" data-id=\"550e34f\" data-element_type=\"column\" data-e-type=\"column\">\n\t\t\t<div class=\"elementor-widget-wrap elementor-element-populated\">\n\t\t\t\t\t\t<div class=\"dot-border-none dot-active-border-none elementor-element elementor-element-9f70519 elementor-widget thim-widget-gallery-images\" data-id=\"9f70519\" data-element_type=\"widget\" data-e-type=\"widget\" data-widget_type=\"thim-gallery-images.default\">\n\t\t\t\t<div class=\"elementor-widget-container\">\n\t\t\t\t\t<div class=\"thim-carousel-wrapper gallery-img not_have_color\" data-visible=\"1\" data-autoplay=\"0\" data-navigation=\"0\" data-pagination=\"1\" data-loop=\"true\"><div class=\"item\"><img fetchpriority=\"high\" decoding=\"async\" width=\"1950\" height=\"910\" src=\"https:\/\/iasp-bf.org\/wp-content\/uploads\/2022\/03\/batiment.png\" class=\"attachment-full size-full\" alt=\"\" srcset=\"https:\/\/iasp-bf.org\/wp-content\/uploads\/2022\/03\/batiment.png 1950w, https:\/\/iasp-bf.org\/wp-content\/uploads\/2022\/03\/batiment-300x140.png 300w, https:\/\/iasp-bf.org\/wp-content\/uploads\/2022\/03\/batiment-1024x478.png 1024w, https:\/\/iasp-bf.org\/wp-content\/uploads\/2022\/03\/batiment-768x358.png 768w, https:\/\/iasp-bf.org\/wp-content\/uploads\/2022\/03\/batiment-1536x717.png 1536w, https:\/\/iasp-bf.org\/wp-content\/uploads\/2022\/03\/batiment-600x280.png 600w\" sizes=\"(max-width: 1950px) 100vw, 1950px\" \/><\/div><div class=\"item\"><img decoding=\"async\" width=\"2000\" height=\"848\" src=\"https:\/\/iasp-bf.org\/wp-content\/uploads\/2022\/03\/sortiepromo_6.png\" class=\"attachment-full size-full\" alt=\"\" srcset=\"https:\/\/iasp-bf.org\/wp-content\/uploads\/2022\/03\/sortiepromo_6.png 2000w, https:\/\/iasp-bf.org\/wp-content\/uploads\/2022\/03\/sortiepromo_6-300x127.png 300w, https:\/\/iasp-bf.org\/wp-content\/uploads\/2022\/03\/sortiepromo_6-1024x434.png 1024w, https:\/\/iasp-bf.org\/wp-content\/uploads\/2022\/03\/sortiepromo_6-768x326.png 768w, https:\/\/iasp-bf.org\/wp-content\/uploads\/2022\/03\/sortiepromo_6-1536x651.png 1536w, https:\/\/iasp-bf.org\/wp-content\/uploads\/2022\/03\/sortiepromo_6-600x254.png 600w\" sizes=\"(max-width: 2000px) 100vw, 2000px\" \/><\/div><div class=\"item\"><img decoding=\"async\" width=\"960\" height=\"640\" src=\"https:\/\/iasp-bf.org\/wp-content\/uploads\/2022\/03\/La-4e-promotion-de-specialistes.jpg\" class=\"attachment-full size-full\" alt=\"\" srcset=\"https:\/\/iasp-bf.org\/wp-content\/uploads\/2022\/03\/La-4e-promotion-de-specialistes.jpg 960w, https:\/\/iasp-bf.org\/wp-content\/uploads\/2022\/03\/La-4e-promotion-de-specialistes-300x200.jpg 300w, https:\/\/iasp-bf.org\/wp-content\/uploads\/2022\/03\/La-4e-promotion-de-specialistes-768x512.jpg 768w, https:\/\/iasp-bf.org\/wp-content\/uploads\/2022\/03\/La-4e-promotion-de-specialistes-600x400.jpg 600w\" sizes=\"(max-width: 960px) 100vw, 960px\" \/><\/div><div class=\"item\"><img loading=\"lazy\" decoding=\"async\" width=\"2000\" height=\"960\" src=\"https:\/\/iasp-bf.org\/wp-content\/uploads\/2022\/03\/sortiepromo_1.png\" class=\"attachment-full size-full\" alt=\"\" srcset=\"https:\/\/iasp-bf.org\/wp-content\/uploads\/2022\/03\/sortiepromo_1.png 2000w, https:\/\/iasp-bf.org\/wp-content\/uploads\/2022\/03\/sortiepromo_1-300x144.png 300w, https:\/\/iasp-bf.org\/wp-content\/uploads\/2022\/03\/sortiepromo_1-1024x492.png 1024w, https:\/\/iasp-bf.org\/wp-content\/uploads\/2022\/03\/sortiepromo_1-768x369.png 768w, https:\/\/iasp-bf.org\/wp-content\/uploads\/2022\/03\/sortiepromo_1-1536x737.png 1536w, https:\/\/iasp-bf.org\/wp-content\/uploads\/2022\/03\/sortiepromo_1-600x288.png 600w\" sizes=\"(max-width: 2000px) 100vw, 2000px\" \/><\/div><div class=\"item\"><img loading=\"lazy\" decoding=\"async\" width=\"2000\" height=\"868\" src=\"https:\/\/iasp-bf.org\/wp-content\/uploads\/2022\/03\/sortiepromo_4.png\" class=\"attachment-full size-full\" alt=\"\" srcset=\"https:\/\/iasp-bf.org\/wp-content\/uploads\/2022\/03\/sortiepromo_4.png 2000w, https:\/\/iasp-bf.org\/wp-content\/uploads\/2022\/03\/sortiepromo_4-300x130.png 300w, https:\/\/iasp-bf.org\/wp-content\/uploads\/2022\/03\/sortiepromo_4-1024x444.png 1024w, https:\/\/iasp-bf.org\/wp-content\/uploads\/2022\/03\/sortiepromo_4-768x333.png 768w, https:\/\/iasp-bf.org\/wp-content\/uploads\/2022\/03\/sortiepromo_4-1536x667.png 1536w, https:\/\/iasp-bf.org\/wp-content\/uploads\/2022\/03\/sortiepromo_4-600x260.png 600w\" sizes=\"(max-width: 2000px) 100vw, 2000px\" \/><\/div><\/div>\t\t\t\t<\/div>\n\t\t\t\t<\/div>\n\t\t\t\t\t<\/div>\n\t\t<\/div>\n\t\t\t\t\t<\/div>\n\t\t<\/section>\n\t\t\t\t<section class=\"elementor-section elementor-top-section elementor-element elementor-element-02ebb41 elementor-section-boxed elementor-section-height-default elementor-section-height-default\" data-id=\"02ebb41\" data-element_type=\"section\" data-e-type=\"section\">\n\t\t\t\t\t\t<div class=\"elementor-container elementor-column-gap-default\">\n\t\t\t\t\t<div class=\"elementor-column elementor-col-100 elementor-top-column elementor-element elementor-element-2365040\" data-id=\"2365040\" data-element_type=\"column\" data-e-type=\"column\">\n\t\t\t<div class=\"elementor-widget-wrap elementor-element-populated\">\n\t\t\t\t\t\t<div class=\"elementor-element elementor-element-8f6f9dc elementor-widget elementor-widget-text-editor\" data-id=\"8f6f9dc\" data-element_type=\"widget\" data-e-type=\"widget\" data-widget_type=\"text-editor.default\">\n\t\t\t\t<div class=\"elementor-widget-container\">\n\t\t\t\t\t\t\t\t\t<div class=\"thim-about-us-quote\"><p>\u201cIASP, former des personnes pour faire face avec efficacit\u00e9 et efficience aux probl\u00e8mes majeurs de sant\u00e9 des populations et des syst\u00e8mes de sant\u00e9.\u201d<\/p><div class=\"agency\">Blaise SONDO<br \/>Professeur titulaire de sant\u00e9 publique\u00a0<\/div><hr \/><\/div>\t\t\t\t\t\t\t\t<\/div>\n\t\t\t\t<\/div>\n\t\t\t\t\t<\/div>\n\t\t<\/div>\n\t\t\t\t\t<\/div>\n\t\t<\/section>\n\t\t\t\t<section class=\"elementor-section elementor-top-section elementor-element elementor-element-db773c4 elementor-section-boxed elementor-section-height-default elementor-section-height-default\" data-id=\"db773c4\" data-element_type=\"section\" data-e-type=\"section\">\n\t\t\t\t\t\t<div class=\"elementor-container elementor-column-gap-default\">\n\t\t\t\t\t<div class=\"elementor-column elementor-col-100 elementor-top-column elementor-element elementor-element-f2de48b\" data-id=\"f2de48b\" data-element_type=\"column\" data-e-type=\"column\">\n\t\t\t<div class=\"elementor-widget-wrap elementor-element-populated\">\n\t\t\t\t\t\t<div class=\"elementor-element elementor-element-8be2ce7 elementor-widget elementor-widget-heading\" data-id=\"8be2ce7\" data-element_type=\"widget\" data-e-type=\"widget\" data-widget_type=\"heading.default\">\n\t\t\t\t<div class=\"elementor-widget-container\">\n\t\t\t\t\t<h3 class=\"elementor-heading-title elementor-size-default\">HISTORIQUE<\/h3>\t\t\t\t<\/div>\n\t\t\t\t<\/div>\n\t\t\t\t<div class=\"elementor-element elementor-element-879609a elementor-widget elementor-widget-text-editor\" data-id=\"879609a\" data-element_type=\"widget\" data-e-type=\"widget\" data-widget_type=\"text-editor.default\">\n\t\t\t\t<div class=\"elementor-widget-container\">\n\t\t\t\t\t\t\t\t\t<div>L\u2019Institut Africain de Sant\u00e9 Publique (IASP) est une association \u00e0 but non lucratif (ASBL).<\/div><div>Il a \u00e9t\u00e9 cr\u00e9\u00e9 le\u00a0 11 Octobre 2012 \u00e0 Ouagadougou par un groupe d\u2019enseignants chercheurs et de chercheurs qui \u0153uvrent dans le champ de la sant\u00e9 publique.\u00a0<\/div><div>Ces enseignants et chercheurs africains ont pris conscience de la n\u00e9cessit\u00e9 d\u2019\u0153uvrer en synergie pour ouvrir des formations de haut niveau aux acteurs de la sant\u00e9.<\/div><div>C\u2019est pourquoi, ils se sont engag\u00e9s \u00e0 mettre toutes leurs ressources \u00e0 la disposition de cet instrument qu\u2019est l\u2019IASP au profit des acteurs de la sant\u00e9 et partant des populations africaines.<br \/><span style=\"color: var( --e-global-color-text ); font-family: var( --e-global-typography-text-font-family ), Sans-serif; font-weight: var( --e-global-typography-text-font-weight );\">L\u2019IASP a pour objectifs notamment :<\/span><\/div><ul><li><div>la r\u00e9alisation de recherches sur les probl\u00e8mes majeurs de sant\u00e9 des populations ;<\/div><\/li><li><div>la formation de chercheurs et chefs de file capables de travailler dans les r\u00e9seaux des soins de sant\u00e9 en y apportant une capacit\u00e9 d&#8217;analyse et de recherche pertinente sur les syst\u00e8mes de sant\u00e9.<\/div><\/li><\/ul>\t\t\t\t\t\t\t\t<\/div>\n\t\t\t\t<\/div>\n\t\t\t\t\t<\/div>\n\t\t<\/div>\n\t\t\t\t\t<\/div>\n\t\t<\/section>\n\t\t\t\t<section class=\"elementor-section elementor-top-section elementor-element elementor-element-73c1251 elementor-section-boxed elementor-section-height-default elementor-section-height-default\" data-id=\"73c1251\" data-element_type=\"section\" data-e-type=\"section\">\n\t\t\t\t\t\t<div class=\"elementor-container elementor-column-gap-default\">\n\t\t\t\t\t<div class=\"elementor-column elementor-col-100 elementor-top-column elementor-element elementor-element-b7670d9\" data-id=\"b7670d9\" data-element_type=\"column\" data-e-type=\"column\">\n\t\t\t<div class=\"elementor-widget-wrap elementor-element-populated\">\n\t\t\t\t\t\t<div class=\"elementor-element elementor-element-6a220bb elementor-widget elementor-widget-heading\" data-id=\"6a220bb\" data-element_type=\"widget\" data-e-type=\"widget\" data-widget_type=\"heading.default\">\n\t\t\t\t<div class=\"elementor-widget-container\">\n\t\t\t\t\t<h3 class=\"elementor-heading-title elementor-size-default\">OBJECTIFS<\/h3>\t\t\t\t<\/div>\n\t\t\t\t<\/div>\n\t\t\t\t<div class=\"elementor-element elementor-element-77809d5 elementor-widget elementor-widget-text-editor\" data-id=\"77809d5\" data-element_type=\"widget\" data-e-type=\"widget\" data-widget_type=\"text-editor.default\">\n\t\t\t\t<div class=\"elementor-widget-container\">\n\t\t\t\t\t\t\t\t\t<p>La mission fondamentale de l\u2019IASP est d\u2019\u0153uvrer, au Burkina Faso en particulier et en Afrique en g\u00e9n\u00e9ral, \u00e0 la r\u00e9alisation de recherches sur les probl\u00e8mes majeurs de sant\u00e9 des populations et \u00e0 la formation de chercheurs et chefs de file capables de travailler dans les r\u00e9seaux des soins de sant\u00e9 en y apportant une capacit\u00e9 d&#8217;analyse et de recherche pertinente sur les syst\u00e8mes de sant\u00e9.<\/p><p>Les objectifs majeurs de l\u2019Institut Africain de Sant\u00e9 Publique sont :<\/p><h3>Au titre des objectifs d&#8217;enseignement, de travailler:<\/h3><p>d\u2019une part, \u00e0 renforcer les capacit\u00e9s des professionnels de sant\u00e9 :<\/p><ul><li>\u00e0 traiter les questions de gestion, d\u2019organisation et de planification des syst\u00e8mes de soins de sant\u00e9 ;<\/li><li>\u00e0 analyser et \u00e9valuer des probl\u00e8mes de sant\u00e9 sp\u00e9cifiques et \u00e0 formuler des strat\u00e9gies de contr\u00f4le appropri\u00e9es ;<\/li><\/ul><p>et d\u2019autre part, \u00e0 former :<\/p><ul><li>des chercheurs qui ma\u00eetriseront un champ disciplinaire tout en sachant maintenir une vision globale de la sant\u00e9 publique ;<\/li><li>des chercheurs et des chefs de file capables d&#8217;\u0153uvrer dans les r\u00e9seaux des soins de sant\u00e9 et de services sociaux en y apportant une capacit\u00e9 d&#8217;analyse et de recherche sur les syst\u00e8mes de sant\u00e9 ;<\/li><li>des enseignants qualifi\u00e9s capables de former, \u00e0 leur tour, des professionnels de la sant\u00e9.<\/li><\/ul><h3>Au titre des objectifs de recherche, l&#8217;IASP se propose:<\/h3><ul><li>de conduire et promouvoir des \u00e9tudes de recherche propres ou sur conventions sur les probl\u00e8mes majeurs de sant\u00e9 au Burkina Faso et plus g\u00e9n\u00e9ralement en Afrique ;<\/li><li>d\u2019assurer la formation par la recherche et \u00e0 la recherche : en particulier par l\u2019encadrement d\u2019\u00e9tudiants et par la formation m\u00e9thodologique \u00e0 la recherche sur les syst\u00e8mes de sant\u00e9;<\/li><li>d\u2019organiser des sessions de formation continue (de courte dur\u00e9e) dans ses domaines de comp\u00e9tence ;<\/li><li>de favoriser la publication de travaux de recherche dans les domaines de recherche sur les syst\u00e8mes de sant\u00e9 ;<\/li><li>de cr\u00e9er un cadre d\u2019animation scientifique dans la sous-r\u00e9gion par une politique d\u2019\u00e9changes entre chercheurs et enseignants-chercheurs et d\u2019accueil de chercheurs et d\u2019\u00e9tudiants.<\/li><\/ul><h3>Au titre de l&#8217;expertise ou de l&#8217;appui-conseils, l&#8217;IASP se propose:<\/h3><ul><li>d\u2019appuyer au plan technique les Etats, les Institutions internationales\u00a0 et les Organisations Non Gouvernementales dans la planification, le d\u00e9veloppement et l\u2019\u00e9valuation de leurs politiques, programmes et projets sanitaires ;<\/li><li>de contribuer au renforcement des performances techniques des professionnels de sant\u00e9 et autres auxiliaires de la sant\u00e9 par l\u2019offre de formation continue ad\u00e9quate ;<\/li><li>de contribuer au renforcement des performances des syst\u00e8mes de sant\u00e9 par l\u2019offre de recherche-action et de recherche op\u00e9rationnelle sur des probl\u00e8mes prioritaires de ces syst\u00e8mes.<\/li><\/ul><p>Pour atteindre l\u2019ensemble de ses objectifs, l\u2019Association \u00e9tablira des partenariats avec les institutions et Associations nationales et internationales. Elle pourra r\u00e9pondre \u00e0 des sollicitations ou \u00e0 des appels d\u2019offres d\u2019institutions nationales, r\u00e9gionales ou internationales qui interviennent dans ses domaines de comp\u00e9tences qui sont notamment les suivants :<\/p><ul><li>la recherche ;<\/li><li>la formation de premier cycle (Licence), de deuxi\u00e8me cycle (Masters) et de troisi\u00e8me cycle (Doctorat) ;<\/li><li>la formation continue<\/li><li>et l\u2019expertise conseil.<\/li><\/ul>\t\t\t\t\t\t\t\t<\/div>\n\t\t\t\t<\/div>\n\t\t\t\t\t<\/div>\n\t\t<\/div>\n\t\t\t\t\t<\/div>\n\t\t<\/section>\n\t\t\t\t<section class=\"elementor-section elementor-top-section elementor-element elementor-element-4583922 elementor-section-stretched elementor-section-full_width elementor-section-height-min-height elementor-section-height-default elementor-section-items-middle\" data-id=\"4583922\" data-element_type=\"section\" data-e-type=\"section\" data-settings=\"{&quot;stretch_section&quot;:&quot;section-stretched&quot;,&quot;background_background&quot;:&quot;classic&quot;}\">\n\t\t\t\t\t\t<div class=\"elementor-container elementor-column-gap-no\">\n\t\t\t\t\t<div class=\"elementor-column elementor-col-100 elementor-top-column elementor-element elementor-element-97872a9\" data-id=\"97872a9\" data-element_type=\"column\" data-e-type=\"column\">\n\t\t\t<div class=\"elementor-widget-wrap\">\n\t\t\t\t\t\t\t<\/div>\n\t\t<\/div>\n\t\t\t\t\t<\/div>\n\t\t<\/section>\n\t\t\t\t<section class=\"elementor-section elementor-top-section elementor-element elementor-element-ed8fd07 elementor-section-boxed elementor-section-height-default elementor-section-height-default\" data-id=\"ed8fd07\" data-element_type=\"section\" data-e-type=\"section\">\n\t\t\t\t\t\t<div class=\"elementor-container elementor-column-gap-default\">\n\t\t\t\t\t<div class=\"elementor-column elementor-col-100 elementor-top-column elementor-element elementor-element-349d9ae\" data-id=\"349d9ae\" data-element_type=\"column\" data-e-type=\"column\">\n\t\t\t<div class=\"elementor-widget-wrap elementor-element-populated\">\n\t\t\t\t\t\t<div class=\"elementor-element elementor-element-bcbcc8c thim-ekits-heading-text-center elementor-widget thim-ekits-heading elementor-widget-thim-heading\" data-id=\"bcbcc8c\" data-element_type=\"widget\" data-e-type=\"widget\" data-widget_type=\"thim-heading.default\">\n\t\t\t\t<div class=\"elementor-widget-container\">\n\t\t\t\t\t<div class=\"sc_heading text-center\"><h3 class=\"title\">Notre \u00e9quipe <\/h3><div class=\"sub-heading\"><p>Faites connaissance avec notre \u00e9quipe<\/p>\n<\/div><span class=\"line\"><\/span><\/div>\t\t\t\t<\/div>\n\t\t\t\t<\/div>\n\t\t\t\t\t<\/div>\n\t\t<\/div>\n\t\t\t\t\t<\/div>\n\t\t<\/section>\n\t\t\t\t<\/div>\n\t\t","protected":false},"excerpt":{"rendered":"<p>A propos de nous En savoir plus sur l\u2019Institut Africain de Sant\u00e9 Publique (IASP) 10Ans d&#8217;experience 142Dipl\u00f4mes 229Etudiants inscrits 8Master \u201cIASP, former des personnes pour faire face avec efficacit\u00e9 et efficience aux probl\u00e8mes majeurs de sant\u00e9 des populations et des &hellip; <\/p>\n","protected":false},"author":1,"featured_media":0,"parent":0,"menu_order":0,"comment_status":"closed","ping_status":"closed","template":"","meta":{"_bbp_topic_count":0,"_bbp_reply_count":0,"_bbp_total_topic_count":0,"_bbp_total_reply_count":0,"_bbp_voice_count":0,"_bbp_anonymous_reply_count":0,"_bbp_topic_count_hidden":0,"_bbp_reply_count_hidden":0,"_bbp_forum_subforum_count":0,"pmpro_default_level":"","footnotes":""},"class_list":["post-2901","page","type-page","status-publish","hentry","pmpro-has-access"],"aioseo_notices":[],"_links":{"self":[{"href":"https:\/\/iasp-bf.org\/index.php\/wp-json\/wp\/v2\/pages\/2901"}],"collection":[{"href":"https:\/\/iasp-bf.org\/index.php\/wp-json\/wp\/v2\/pages"}],"about":[{"href":"https:\/\/iasp-bf.org\/index.php\/wp-json\/wp\/v2\/types\/page"}],"author":[{"embeddable":true,"href":"https:\/\/iasp-bf.org\/index.php\/wp-json\/wp\/v2\/users\/1"}],"replies":[{"embeddable":true,"href":"https:\/\/iasp-bf.org\/index.php\/wp-json\/wp\/v2\/comments?post=2901"}],"version-history":[{"count":23,"href":"https:\/\/iasp-bf.org\/index.php\/wp-json\/wp\/v2\/pages\/2901\/revisions"}],"predecessor-version":[{"id":9624,"href":"https:\/\/iasp-bf.org\/index.php\/wp-json\/wp\/v2\/pages\/2901\/revisions\/9624"}],"wp:attachment":[{"href":"https:\/\/iasp-bf.org\/index.php\/wp-json\/wp\/v2\/media?parent=2901"}],"curies":[{"name":"wp","href":"https:\/\/api.w.org\/{rel}","templated":true}]}}